{"id":58,"date":"2017-03-21T18:18:37","date_gmt":"2017-03-21T16:18:37","guid":{"rendered":"http:\/\/www.teekkarikuoro.fi\/secret_site\/?page_id=58"},"modified":"2025-08-11T08:43:37","modified_gmt":"2025-08-11T05:43:37","slug":"tilaa-laulua","status":"publish","type":"page","link":"https:\/\/www.teekkarikuoro.fi\/en\/tilaa-laulua\/","title":{"rendered":"Book a gig"},"content":{"rendered":"<p>Are you organizing an event and wish to take it to the next level with live music?<\/p>\n<p>Music is a perfect addition to any event!<\/p>\n<p>You can book either the whole choir or TeekkariKvartti, a vocal group of 4-8 people.<\/p>\n<p>The lineup and songs to be performed will be tailored to suit the event. The starting price for a 15-minute gig is \u20ac750 for Teekkarikuoro. For TeekkariKvartti the starting prices are \u20ac400 for companies, and \u20ac300 for individuals and non-profit organizations. The performance fee is always agreed on a gig-by-gig basis. The amount of the fee is influenced by factors such as the length of the performance, the nature of the event, and any travel expenses.<\/p>\n<p>Booking a gig with TeekkariKvartti or Teekkarikuoro is very simple: just fill in the form below to send us the requested information. We will contact you within a few days to discuss the price and other details. Filling the form is not binding for either party.<\/p>\n<p>\n<div class=\"wpcf7 no-js\" id=\"wpcf7-f593-o1\" lang=\"fi\" dir=\"ltr\">\n<div class=\"screen-reader-response\"><p role=\"status\" aria-live=\"polite\" aria-atomic=\"true\"><\/p> <ul><\/ul><\/div>\n<form action=\"\/en\/wp-json\/wp\/v2\/pages\/58#wpcf7-f593-o1\" method=\"post\" class=\"wpcf7-form init\" aria-label=\"Yhteydenottolomake\" novalidate=\"novalidate\" data-status=\"init\" data-trp-original-action=\"\/en\/wp-json\/wp\/v2\/pages\/58#wpcf7-f593-o1\">\n<div style=\"display: none;\">\n<input type=\"hidden\" name=\"_wpcf7\" value=\"593\" \/>\n<input type=\"hidden\" name=\"_wpcf7_version\" value=\"5.9.6\" \/>\n<input type=\"hidden\" name=\"_wpcf7_locale\" value=\"fi\" \/>\n<input type=\"hidden\" name=\"_wpcf7_unit_tag\" value=\"wpcf7-f593-o1\" \/>\n<input type=\"hidden\" name=\"_wpcf7_container_post\" value=\"0\" \/>\n<input type=\"hidden\" name=\"_wpcf7_posted_data_hash\" value=\"\" \/>\n<input type=\"hidden\" name=\"_wpcf7cf_hidden_group_fields\" value=\"[]\" \/>\n<input type=\"hidden\" name=\"_wpcf7cf_hidden_groups\" value=\"[]\" \/>\n<input type=\"hidden\" name=\"_wpcf7cf_visible_groups\" value=\"[]\" \/>\n<input type=\"hidden\" name=\"_wpcf7cf_repeaters\" value=\"[]\" \/>\n<input type=\"hidden\" name=\"_wpcf7cf_steps\" value=\"{}\" \/>\n<input type=\"hidden\" name=\"_wpcf7cf_options\" value=\"{&quot;form_id&quot;:593,&quot;conditions&quot;:[{&quot;then_field&quot;:&quot;eri-osoite&quot;,&quot;and_rules&quot;:[{&quot;if_field&quot;:&quot;input-laskutus&quot;,&quot;operator&quot;:&quot;equals&quot;,&quot;if_value&quot;:&quot;Eri osoite&quot;}]},{&quot;then_field&quot;:&quot;eri-osoite&quot;,&quot;and_rules&quot;:[{&quot;if_field&quot;:&quot;input-laskutus&quot;,&quot;operator&quot;:&quot;equals&quot;,&quot;if_value&quot;:&quot;Different address&quot;}]}],&quot;settings&quot;:{&quot;animation&quot;:&quot;no&quot;,&quot;animation_intime&quot;:&quot;0&quot;,&quot;animation_outtime&quot;:&quot;0&quot;,&quot;conditions_ui&quot;:&quot;normal&quot;,&quot;notice_dismissed&quot;:&quot;&quot;,&quot;wpcf7cf_settings_saved&quot;:&quot;1&quot;}}\" \/>\n<\/div>\n<p><label> Name<br \/>\n<span class=\"wpcf7-form-control-wrap\" data-name=\"input-nimi\"><input size=\"40\" maxlength=\"80\" class=\"wpcf7-form-control wpcf7-text wpcf7-validates-as-required\" aria-required=\"true\" aria-invalid=\"false\" value=\"\" type=\"text\" name=\"input-nimi\" \/><\/span> <\/label>\n<\/p>\n<p><label> Phone number<br \/>\n<span class=\"wpcf7-form-control-wrap\" data-name=\"input-puh\"><input size=\"40\" maxlength=\"80\" class=\"wpcf7-form-control wpcf7-text wpcf7-validates-as-required\" aria-required=\"true\" aria-invalid=\"false\" value=\"\" type=\"text\" name=\"input-puh\" \/><\/span> <\/label>\n<\/p>\n<p><label> E-mail<br \/>\n<span class=\"wpcf7-form-control-wrap\" data-name=\"input-email\"><input size=\"40\" maxlength=\"80\" class=\"wpcf7-form-control wpcf7-email wpcf7-validates-as-required wpcf7-text wpcf7-validates-as-email\" aria-required=\"true\" aria-invalid=\"false\" value=\"\" type=\"email\" name=\"input-email\" \/><\/span> <\/label>\n<\/p>\n<p><label> Address of the gig<br \/>\n<span class=\"wpcf7-form-control-wrap\" data-name=\"input-osoite\"><textarea cols=\"40\" rows=\"10\" maxlength=\"400\" class=\"wpcf7-form-control wpcf7-textarea wpcf7-validates-as-required\" aria-required=\"true\" aria-invalid=\"false\" name=\"input-osoite\"><\/textarea><\/span> <\/label>\n<\/p>\n<p><label> Date and time<br \/>\n<span class=\"wpcf7-form-control-wrap\" data-name=\"input-aika\"><input size=\"40\" maxlength=\"80\" class=\"wpcf7-form-control wpcf7-text wpcf7-validates-as-required\" aria-required=\"true\" aria-invalid=\"false\" value=\"\" type=\"text\" name=\"input-aika\" \/><\/span> <\/label>\n<\/p>\n<p><label> Billing address<br \/>\n<span class=\"wpcf7-form-control-wrap\" data-name=\"input-laskutus\"><select class=\"wpcf7-form-control wpcf7-select wpcf7-validates-as-required\" aria-required=\"true\" aria-invalid=\"false\" name=\"input-laskutus\"><option value=\"Sama kuin keikkaosoite\">Same as gig<\/option><option value=\"S\u00e4hk\u00f6postilla\">Via e-mail<\/option><option value=\"Eri osoite\">Different address<\/option><\/select><\/span> <\/label>\n<\/p>\n<div data-id=\"eri-osoite\" data-orig_data_id=\"eri-osoite\" data-clear_on_hide data-class=\"wpcf7cf_group\">\n\t<p><label> Billing address<br \/>\n<span class=\"wpcf7-form-control-wrap\" data-name=\"input-eri-osoite\"><textarea cols=\"40\" rows=\"10\" maxlength=\"400\" class=\"wpcf7-form-control wpcf7-textarea wpcf7-validates-as-required\" aria-required=\"true\" aria-invalid=\"false\" name=\"input-eri-osoite\"><\/textarea><\/span> <\/label>\n\t<\/p>\n<\/div>\n<p><label> Message (e.g. more information about the occasion, whether you prefer a quartet or the whole choir, and possible song wishes)<br \/>\n<span class=\"wpcf7-form-control-wrap\" data-name=\"input-viesti\"><textarea cols=\"40\" rows=\"10\" maxlength=\"5000\" class=\"wpcf7-form-control wpcf7-textarea wpcf7-validates-as-required\" aria-required=\"true\" aria-invalid=\"false\" name=\"input-viesti\"><\/textarea><\/span> <\/label>\n<\/p>\n<p><div id=\"cf7sr-69f3230830fbd\" class=\"cf7sr-g-recaptcha\" data-theme=\"light\" data-type=\"image\" data-size=\"normal\" data-sitekey=\"6LfCt9gZAAAAAK_psUsCNp2d1KFx6qC-w8LChDBI\"><\/div><span class=\"wpcf7-form-control-wrap cf7sr-recaptcha\" data-name=\"cf7sr-recaptcha\"><input type=\"hidden\" name=\"cf7sr-recaptcha\" value=\"\" class=\"wpcf7-form-control\"><\/span>\n<\/p>\n<p><input class=\"wpcf7-form-control wpcf7-submit has-spinner\" type=\"submit\" value=\"Send\" \/>\n<\/p><div class=\"wpcf7-response-output\" aria-hidden=\"true\"><\/div>\n<input type=\"hidden\" name=\"trp-form-language\" value=\"en\"\/><\/form>\n<\/div>\n<!--58954--><\/p>\n<div style=\"position: absolute; left: -12768px; width: 1000px;\">Pelaa Plinko casinoa t\u00c3\u00a4\u00c3\u00a4ll\u00c3\u00a4 oikealla rahalla <a href=\"\/\/plinkocasinos.fi\">https:\/\/plinkocasinos.fi\/<\/a><\/div>\n<p><!--58954--><\/p>","protected":false},"excerpt":{"rendered":"<p>Teekkarikuoron tai lauluryhm\u00e4 TeekkariKvartin voi tilata keikalle. Teemme keikkaa noin 30 hengen kuorolla tai 4-8 laulajan TeekkariKvartilla. Esiinnymme p\u00e4\u00e4asiassa Pirkanmaalla. TeekkariKvartti keikkailee aktiivisesti mit\u00e4 monenlaisimmissa tapahtumissa: kirjaimellisesti h\u00e4ist\u00e4 hautajaisiin. Kvartti on oiva ohjelmanumero vaikkapa illanviettoihin, muistotilaisuuksiin tai vanhan yst\u00e4v\u00e4n syntym\u00e4p\u00e4iville. Kuoro esiintyy konserttien lis\u00e4ksi tyypillisesti isoissa juhlissa tai konferensseissa. Mik\u00e4 olisikaan parempi tapa juhlistaa akateemisia &#8230; <a title=\"Book a gig\" class=\"read-more\" href=\"https:\/\/www.teekkarikuoro.fi\/en\/tilaa-laulua\/\" aria-label=\"Read more about Tilaa laulua\">Read more<\/a><\/p>","protected":false},"author":2,"featured_media":0,"parent":0,"menu_order":1,"comment_status":"closed","ping_status":"closed","template":"","meta":{"footnotes":""},"_links":{"self":[{"href":"https:\/\/www.teekkarikuoro.fi\/en\/wp-json\/wp\/v2\/pages\/58"}],"collection":[{"href":"https:\/\/www.teekkarikuoro.fi\/en\/wp-json\/wp\/v2\/pages"}],"about":[{"href":"https:\/\/www.teekkarikuoro.fi\/en\/wp-json\/wp\/v2\/types\/page"}],"author":[{"embeddable":true,"href":"https:\/\/www.teekkarikuoro.fi\/en\/wp-json\/wp\/v2\/users\/2"}],"replies":[{"embeddable":true,"href":"https:\/\/www.teekkarikuoro.fi\/en\/wp-json\/wp\/v2\/comments?post=58"}],"version-history":[{"count":27,"href":"https:\/\/www.teekkarikuoro.fi\/en\/wp-json\/wp\/v2\/pages\/58\/revisions"}],"predecessor-version":[{"id":1384,"href":"https:\/\/www.teekkarikuoro.fi\/en\/wp-json\/wp\/v2\/pages\/58\/revisions\/1384"}],"wp:attachment":[{"href":"https:\/\/www.teekkarikuoro.fi\/en\/wp-json\/wp\/v2\/media?parent=58"}],"curies":[{"name":"wp","href":"https:\/\/api.w.org\/{rel}","templated":true}]}}