{"id":60,"date":"2017-03-21T18:19:46","date_gmt":"2017-03-21T16:19:46","guid":{"rendered":"http:\/\/www.teekkarikuoro.fi\/secret_site\/?page_id=60"},"modified":"2023-09-02T15:27:07","modified_gmt":"2023-09-02T12:27:07","slug":"kuoro","status":"publish","type":"page","link":"https:\/\/www.teekkarikuoro.fi\/en\/kuoro\/","title":{"rendered":"Choir"},"content":{"rendered":"<p class=\" translation-block\">Teekkarikuoro is a mixed choir from Hervanta campus of Tampere University, and even today it \"makes teekkaris* proud and everyone else jealous\u201d, as was stated in the <a href=\"http:\/\/www.teekkarikuoro.fi\/kuoro\/historia\/\" target=\"_self\">application advert<\/a> in 1985. Most of the singers are students of technology, but the 50 members of the choir also include Masters of Science and people from other academic fields.<\/p>\n<h3>Johanna Lantto, conductor of Teekkarikuoro<\/h3>\n<p><a href=\"https:\/\/www.teekkarikuoro.fi\/en\/kuoro\/kuoronjohtaja\/\">Johanna Lantto<\/a> has conducted Teekkarikuoro for more than fifteen years and during that time, the <a href=\"https:\/\/www.teekkarikuoro.fi\/en\/kuoro\/julkaisut\/\">choir has published all of its three albums<\/a>.<\/p>\n<p class=\" translation-block\"><span style=\"font-weight: 400\">The latest album <a href=\"https:\/\/www.teekkarikuoro.fi\/tuote\/tumman-taivaan-taika-cd\/\" target=\"_self\">Tumman taivaan taika<\/a> (2022) consists of both brand new and older Christmas choir music. The magical atmosphere of the dark arctic winter, the light of the sparkling snow and candles, shining hope to the people huddling together, are the themes of the album. <\/span><\/p>\n<p>Published in 2016, <a href=\"https:\/\/www.teekkarikuoro.fi\/en\/product\/alussa_oli_insinoori\/\">Alussa oli insin\u00f6\u00f6ri<\/a> takes a humane approach to technology, students of technology and Tampere.<\/p>\n<h3>From choir, with love<\/h3>\n<p>The choir is passionate about music but never forgets to have fun while singing. Teekkarikuoro aspires to have a lively tone and a versatile repertoire, which was acknowledged at Tampereen S\u00e4vel Chorus Reviews in 2017 and 2019, as the choir was awarded one golden stamp in each of them.<\/p>\n<p>The emphasis of the choir\u2019s repertoire is on popular music, both Finnish and non-Finnish pop and rock, but the repertoire also includes classical choir compositions and folk songs and songs by different vocal ensembles (Rajaton, Club for Five, King's Singers).<\/p>\n<h3>Drinking songs and Tuopin t\u00e4ydelt\u00e4 album<\/h3>\n<p>Teekkarikuoro specializes in drinking songs, which you can hear on the choir\u2019s first album <a href=\"https:\/\/www.teekkarikuoro.fi\/en\/product\/tuopin-taydelta-cd\/\">Tuopin t\u00e4ydelt\u00e4 (2010)<\/a>. The album includes both new drinking songs and traditional ones that you can also find in the TUT drinking song book Rasputin.<\/p>\n<h3>Concerts and other performances of Teekkarikuoro<\/h3>\n<p class=\" translation-block\">Teekkarikuoro has two concerts each year, and in addition to that, it performs in numerous occasions, both on the university premises and elsewhere. You can find information about upcoming concerts in the choir\u2019s <a href=\"http:\/\/www.facebook.com\/teekkarikuoro\" target=\"_self\">Facebook<\/a> and <a href=\"http:\/\/www.instagram.com\/teekkarikuoro\" target=\"_self\">Instagram<\/a> accounts.<\/p>\n<p>Other annual traditions of the choir include an arrangement competition and a drinking song competition, open to all fans of drinking songs. The purpose of these events is to maintain the academic singing tradition of Finnish university students, and to produce new material for the choir to sing.<\/p>\n<h3>Vocal group TeekkariKvartti<\/h3>\n<p>The vocal group of the group performs in many different events. <span style=\"font-weight: 400;\">You can use <a href=\"https:\/\/www.teekkarikuoro.fi\/en\/tilaa-laulua\/\">this form to book us<\/a>!<\/span><\/p>\n<h3>Teekkarikuoro off-duty<\/h3>\n<p>In addition to a weekly chour practice, Teekkarikuoro organizes different events to its members at least once a month. These events include sauna evenings, excursions and camps, to name a few. The traditional band event TALent Hervanta allows choir members to experiment in progressive rock, cello duets, lovey-dovey-ballads, German heavy metal or whatever they come up with.<\/p>\n<h3>Choir spirit<\/h3>\n<p>There is a lot more to Teekkarikuoro than just singing - during all their adventures, the choir members have shared countless unforgettable moments, both outside and inside practice rooms and concert halls. <br><br>\n*teekkari = student of technology in a Finnish university<br>\n**tuoppi = a beer pint<!--58954--><\/p>\n<div style=\"position:absolute;left:-12855px;width:1000px\">Kasvata pelikassaasi lukemattomilla erikoistarjouksilla Suomen suosikkikasinolla. Slotexo tarjoaa tervetuliaispaketteja, reload-tarjouksia ja cashback-palkintoja kaikentyyppisille pelaajille. Lunasta runsas <a href=\"https:\/\/slotexo1.fi\/\">Slotexo casino bonus<\/a> ja py\u00f6r\u00e4yt\u00e4 voittaaksesi!<\/div>\n<p><!--58954--><\/p>","protected":false},"excerpt":{"rendered":"<p>Tampereen yliopiston Hervannan kampuksella laulaa sekakuoro, joka l\u00e4hes 40 vuotta toimittuaan tekee edelleen \u201cteekkarit ylpeiksi ja muut kateellisiksi\u201d, kuten perustamisilmoituksessa vuonna 1985 julistettiin. Kuorolaiset ovat p\u00e4\u00e4osin teekkareita, mutta noin 50-henkiseen joukkoon kuuluu my\u00f6s diplomi-insin\u00f6\u00f6rej\u00e4 ja muiden alojen edustajia. Teekkarikuoron johtaja Johanna Lantto Johanna Lantto on johtanut kuoroa yli viisitoista vuotta, ja h\u00e4nen johdollaan Teekkarikuoro on &#8230; <a title=\"Choir\" class=\"read-more\" href=\"https:\/\/www.teekkarikuoro.fi\/en\/kuoro\/\" aria-label=\"Read more about Kuoro\">Read more<\/a><\/p>","protected":false},"author":2,"featured_media":0,"parent":0,"menu_order":4,"comment_status":"closed","ping_status":"closed","template":"","meta":{"footnotes":""},"_links":{"self":[{"href":"https:\/\/www.teekkarikuoro.fi\/en\/wp-json\/wp\/v2\/pages\/60"}],"collection":[{"href":"https:\/\/www.teekkarikuoro.fi\/en\/wp-json\/wp\/v2\/pages"}],"about":[{"href":"https:\/\/www.teekkarikuoro.fi\/en\/wp-json\/wp\/v2\/types\/page"}],"author":[{"embeddable":true,"href":"https:\/\/www.teekkarikuoro.fi\/en\/wp-json\/wp\/v2\/users\/2"}],"replies":[{"embeddable":true,"href":"https:\/\/www.teekkarikuoro.fi\/en\/wp-json\/wp\/v2\/comments?post=60"}],"version-history":[{"count":24,"href":"https:\/\/www.teekkarikuoro.fi\/en\/wp-json\/wp\/v2\/pages\/60\/revisions"}],"predecessor-version":[{"id":1113,"href":"https:\/\/www.teekkarikuoro.fi\/en\/wp-json\/wp\/v2\/pages\/60\/revisions\/1113"}],"wp:attachment":[{"href":"https:\/\/www.teekkarikuoro.fi\/en\/wp-json\/wp\/v2\/media?parent=60"}],"curies":[{"name":"wp","href":"https:\/\/api.w.org\/{rel}","templated":true}]}}