{"id":68,"date":"2017-03-21T18:22:40","date_gmt":"2017-03-21T16:22:40","guid":{"rendered":"http:\/\/www.teekkarikuoro.fi\/secret_site\/?page_id=68"},"modified":"2019-08-17T15:49:28","modified_gmt":"2019-08-17T12:49:28","slug":"yhdistys","status":"publish","type":"page","link":"https:\/\/www.teekkarikuoro.fi\/en\/kuoro\/yhdistys\/","title":{"rendered":"Registered association"},"content":{"rendered":"<p><span style=\"font-weight: 400;\">Behind the scenes Teekkarikuoro is run by a registered association called Tampereen Akateemiset Laulajat ry. Every year the members elect a president and an approximately six-member board, who take care of the finances, gigs and events of the choir.<\/span><\/p>\n<h3>The rules of the association<\/h3>\n<p><span style=\"font-weight: 400;\">The rules of the association (in Finnish) can be found <\/span><a href=\"http:\/\/www.teekkarikuoro.fi\/wp-content\/uploads\/2019\/08\/TAL_ry_saannot_syksy2018.pdf\"><span style=\"font-weight: 400;\">here<\/span><\/a><span style=\"font-weight: 400;\">.<\/span><\/p>\n<h3>Committees and officials help<\/h3>\n<p><span style=\"font-weight: 400;\">The organization has officials helping the board with practical tasks like the upkeep of sheet music archive and PA equipment. During each season, various committees arrange concerts and events. One of the most important ones is the music committee, which plans the repertoire of the choir each season.<\/span><\/p>\n<h3>Honorary members<\/h3>\n<p><span style=\"font-weight: 400;\">Along the years, the association has had many hard-working members, who have not spared time and effort to develop the choir to be what it is now. <\/span><\/p>\n<figure id=\"attachment_573\" aria-describedby=\"caption-attachment-573\" style=\"width: 245px\" class=\"wp-caption alignright\"><img fetchpriority=\"high\" decoding=\"async\" class=\"wp-image-573\" src=\"http:\/\/www.teekkarikuoro.fi\/secret_site\/wp-content\/uploads\/2019\/04\/kunniajasenpysti_jlundell-205x300.jpg\" alt=\"\" width=\"255\" height=\"373\" srcset=\"https:\/\/www.teekkarikuoro.fi\/wp-content\/uploads\/2019\/04\/kunniajasenpysti_jlundell-205x300.jpg 205w, https:\/\/www.teekkarikuoro.fi\/wp-content\/uploads\/2019\/04\/kunniajasenpysti_jlundell.jpg 311w\" sizes=\"(max-width: 255px) 100vw, 255px\" \/><figcaption id=\"caption-attachment-573\" class=\"wp-caption-text\">Honorary member statue. Photo: Jens Lundell<\/figcaption><\/figure>\n<p><span style=\"font-weight: 400;\">Liisa Rys\u00e4<br \/>\n<\/span><span style=\"font-weight: 400;\">Jens Lundell, conductor 1985-1988<br \/>\n<\/span><span style=\"font-weight: 400;\">Jussi Tamminen, conductor 1988-1993<br \/>\n<\/span><span style=\"font-weight: 400;\">Antti Rinne<br \/>\n<\/span><span style=\"font-weight: 400;\">Eeva Ylh\u00e4inen<br \/>\n<\/span><span style=\"font-weight: 400;\">Jaakko \u201cUrkki\u201d Urho<\/span><\/p>\n<p><span style=\"font-weight: 400;\">The honorary members have received a hand-made statue, a gold-colored slip of metal bent in a form that combines the shape of an eighth note and a treble clef, standing on a white marble with a name plate attached.<\/span><!--58954--><!--58954--><\/p>","protected":false},"excerpt":{"rendered":"<p>Teekkarikuoron toimintaa py\u00f6ritt\u00e4\u00e4 kulissien takana yhdistys nimelt\u00e4 Tampereen Akateemiset Laulajat ry. Vuosittain j\u00e4senet valitsevat keskuudestaan puheenjohtajan ja noin kuusihenkisen hallituksen, joka hoitaa yhdistyksen taloutta, keikkatilauksia ja tapahtumia. Yhdistyksen s\u00e4\u00e4nn\u00f6t Yhdistyksen syksyll\u00e4 2018 vahvistetut s\u00e4\u00e4nn\u00f6t l\u00f6ytyv\u00e4t t\u00e4\u00e4lt\u00e4. Toimikunnat ja toimihenkil\u00f6t puuhav\u00e4ken\u00e4 Hallituksen lis\u00e4ksi yhdistyksess\u00e4 on toimihenkil\u00f6it\u00e4, jotka pit\u00e4v\u00e4t huolta esimerkiksi nuotistosta ja PA-kalustosta. Kauden aikana ker\u00e4t\u00e4\u00e4n &#8230; <a title=\"Registered association\" class=\"read-more\" href=\"https:\/\/www.teekkarikuoro.fi\/en\/kuoro\/yhdistys\/\" aria-label=\"Read more about Yhdistys\">Read more<\/a><\/p>","protected":false},"author":2,"featured_media":0,"parent":60,"menu_order":3,"comment_status":"closed","ping_status":"closed","template":"","meta":{"footnotes":""},"_links":{"self":[{"href":"https:\/\/www.teekkarikuoro.fi\/en\/wp-json\/wp\/v2\/pages\/68"}],"collection":[{"href":"https:\/\/www.teekkarikuoro.fi\/en\/wp-json\/wp\/v2\/pages"}],"about":[{"href":"https:\/\/www.teekkarikuoro.fi\/en\/wp-json\/wp\/v2\/types\/page"}],"author":[{"embeddable":true,"href":"https:\/\/www.teekkarikuoro.fi\/en\/wp-json\/wp\/v2\/users\/2"}],"replies":[{"embeddable":true,"href":"https:\/\/www.teekkarikuoro.fi\/en\/wp-json\/wp\/v2\/comments?post=68"}],"version-history":[{"count":9,"href":"https:\/\/www.teekkarikuoro.fi\/en\/wp-json\/wp\/v2\/pages\/68\/revisions"}],"predecessor-version":[{"id":673,"href":"https:\/\/www.teekkarikuoro.fi\/en\/wp-json\/wp\/v2\/pages\/68\/revisions\/673"}],"up":[{"embeddable":true,"href":"https:\/\/www.teekkarikuoro.fi\/en\/wp-json\/wp\/v2\/pages\/60"}],"wp:attachment":[{"href":"https:\/\/www.teekkarikuoro.fi\/en\/wp-json\/wp\/v2\/media?parent=68"}],"curies":[{"name":"wp","href":"https:\/\/api.w.org\/{rel}","templated":true}]}}