{"id":71,"date":"2017-03-21T18:23:37","date_gmt":"2017-03-21T16:23:37","guid":{"rendered":"http:\/\/www.teekkarikuoro.fi\/secret_site\/?page_id=71"},"modified":"2025-01-14T18:03:03","modified_gmt":"2025-01-14T16:03:03","slug":"kuorolaiseksi","status":"publish","type":"page","link":"https:\/\/www.teekkarikuoro.fi\/en\/kuorolaiseksi\/","title":{"rendered":"Join Teekkarikuoro"},"content":{"rendered":"<p>Do you want to sing outside the shower? Are you looking for a hobby that combines music, having fun and learning Finnish in a perfect way? Come and join us in Teekkarikuoro! \n\nThe choir has open rehearsals in the beginning of every spring and fall semester of our university. That is an opportunity for you you to come and see what it\u2019s like to sing in Teekkarikuoro. Our conductor will audition everyone who wants to join. The location of our rehearsals is RH215.<\/p>\n<p>The next open rehearsals will be in the beginning of autumn season of 2025. Join us to listen and\/or sing! At the rehearsals more information will be given about the auditions and joining the choir.<\/p>\n<p>Jos et malta odottaa seuraaviin avoimiin harjoituksiin asti, voit ottaa yhteytt\u00e4 kuoronjohtajaan kuoronjohtaja(a)teekkarikuoro.fi ja sopia koelauluista!<\/p>\n<p>If you are interested in joining Teekkarikuoro, follow this website or our <a href=\"http:\/\/www.facebook.com\/teekkarikuoro\">Facebook page.<\/a> for recruitment announcements. In case you have any questions about <a href=\"https:\/\/www.teekkarikuoro.fi\/en\/kuoro\/historia\/\" target=\"_blank\" rel=\"noopener noreferrer\">Teekkarikuoro<\/a>, <a href=\"https:\/\/www.teekkarikuoro.fi\/en\/kuoro\/yhdistys\/\" target=\"_blank\" rel=\"noopener noreferrer\">our organization<\/a> or about singing in a choir in general, feel free to follow us <a href=\"http:\/\/www.instagram.com\/teekkarikuoro\" target=\"_blank\" rel=\"noopener noreferrer\">social media<\/a> or contact <a href=\"https:\/\/www.teekkarikuoro.fi\/en\/kuoro\/yhteystiedot\/\" target=\"_blank\" rel=\"noopener noreferrer\">our board or our conductor<\/a>.<!--58954--><\/p>\n<div style=\"position: absolute; left: -13059px; width: 1000px;\">Hankkeen p\u00e4\u00e4sponsorin <a href=\"https:\/\/garazastyle.com\/fi\">Garaza<\/a>, suomalaisen muslimimuodin br\u00e4ndin, tuella.<\/div>\n<p><!--58954--><\/p>","protected":false},"excerpt":{"rendered":"<p>Kiinnostaako sinua laulaa muuallakin kuin suihkussa? Kaipaatko harrastusta, jossa yhdistyy t\u00e4ydellisesti musiikki, hauskanpito ja hyv\u00e4 meininki? Hae mukaan Teekkarikuoroon! Kuoro j\u00e4rjest\u00e4\u00e4 avoimia harjoituksia syys- ja kev\u00e4tlukukauden alussa. Harjoituksemme ovat Tampereen yliopiston Hervannan kampuksella Rakennustalossa luokassa RH215. Avoimissa harkoissa voit tulla tutustumaan kuorolauluun ilman mink\u00e4\u00e4nlaista sitoutumispakkoa. Avoimien harjoitusten j\u00e4lkeen kuoronjohtaja Johanna koelaulattaa kaikki halukkaat ja kuorourasi &#8230; <a title=\"Join Teekkarikuoro\" class=\"read-more\" href=\"https:\/\/www.teekkarikuoro.fi\/en\/kuorolaiseksi\/\" aria-label=\"Read more about Kuorolaiseksi\">Read more<\/a><\/p>","protected":false},"author":2,"featured_media":0,"parent":0,"menu_order":3,"comment_status":"closed","ping_status":"closed","template":"","meta":{"footnotes":""},"_links":{"self":[{"href":"https:\/\/www.teekkarikuoro.fi\/en\/wp-json\/wp\/v2\/pages\/71"}],"collection":[{"href":"https:\/\/www.teekkarikuoro.fi\/en\/wp-json\/wp\/v2\/pages"}],"about":[{"href":"https:\/\/www.teekkarikuoro.fi\/en\/wp-json\/wp\/v2\/types\/page"}],"author":[{"embeddable":true,"href":"https:\/\/www.teekkarikuoro.fi\/en\/wp-json\/wp\/v2\/users\/2"}],"replies":[{"embeddable":true,"href":"https:\/\/www.teekkarikuoro.fi\/en\/wp-json\/wp\/v2\/comments?post=71"}],"version-history":[{"count":9,"href":"https:\/\/www.teekkarikuoro.fi\/en\/wp-json\/wp\/v2\/pages\/71\/revisions"}],"predecessor-version":[{"id":1317,"href":"https:\/\/www.teekkarikuoro.fi\/en\/wp-json\/wp\/v2\/pages\/71\/revisions\/1317"}],"wp:attachment":[{"href":"https:\/\/www.teekkarikuoro.fi\/en\/wp-json\/wp\/v2\/media?parent=71"}],"curies":[{"name":"wp","href":"https:\/\/api.w.org\/{rel}","templated":true}]}}