{"id":75,"date":"2017-03-21T18:24:19","date_gmt":"2017-03-21T16:24:19","guid":{"rendered":"http:\/\/www.teekkarikuoro.fi\/secret_site\/?page_id=75"},"modified":"2022-11-25T14:57:29","modified_gmt":"2022-11-25T12:57:29","slug":"julkaisut","status":"publish","type":"page","link":"https:\/\/www.teekkarikuoro.fi\/en\/kuoro\/julkaisut\/","title":{"rendered":"Discography"},"content":{"rendered":"<p>Teekkarikuoro has published three albums: Tumman taivaan taika, Alussa oli insin\u00f6\u00f6ri and Tuopin t\u00e4ydelt\u00e4. You can buy all our albums in <a href=\"http:\/\/www.teekkarikuoro.fi\/en\/kauppa\/\">our webshop.<\/a> <\/p>\n\n\n\n<h3 class=\"wp-block-heading\"><a href=\"https:\/\/www.teekkarikuoro.fi\/en\/product\/tumman-taivaan-taika-cd\/\" data-type=\"product\" data-id=\"956\" target=\"_blank\" rel=\"noreferrer noopener\">Tumman taivaan taika<\/a><\/h3>\n\n\n<div class=\"wp-block-image\">\n<figure class=\"alignright size-medium\"><img fetchpriority=\"high\" decoding=\"async\" width=\"300\" height=\"300\" src=\"https:\/\/www.teekkarikuoro.fi\/wp-content\/uploads\/2022\/11\/Tumman-taivaan-taika-joululevyn-kansi-1-300x300.png\" alt=\"\" class=\"wp-image-986\" srcset=\"https:\/\/www.teekkarikuoro.fi\/wp-content\/uploads\/2022\/11\/Tumman-taivaan-taika-joululevyn-kansi-1-300x300.png 300w, https:\/\/www.teekkarikuoro.fi\/wp-content\/uploads\/2022\/11\/Tumman-taivaan-taika-joululevyn-kansi-1-1024x1024.png 1024w, https:\/\/www.teekkarikuoro.fi\/wp-content\/uploads\/2022\/11\/Tumman-taivaan-taika-joululevyn-kansi-1-150x150.png 150w, https:\/\/www.teekkarikuoro.fi\/wp-content\/uploads\/2022\/11\/Tumman-taivaan-taika-joululevyn-kansi-1-768x768.png 768w, https:\/\/www.teekkarikuoro.fi\/wp-content\/uploads\/2022\/11\/Tumman-taivaan-taika-joululevyn-kansi-1-12x12.png 12w, https:\/\/www.teekkarikuoro.fi\/wp-content\/uploads\/2022\/11\/Tumman-taivaan-taika-joululevyn-kansi-1-600x600.png 600w, https:\/\/www.teekkarikuoro.fi\/wp-content\/uploads\/2022\/11\/Tumman-taivaan-taika-joululevyn-kansi-1-100x100.png 100w, https:\/\/www.teekkarikuoro.fi\/wp-content\/uploads\/2022\/11\/Tumman-taivaan-taika-joululevyn-kansi-1.png 1417w\" sizes=\"(max-width: 300px) 100vw, 300px\" \/><\/figure><\/div>\n\n\n<p>Finnish Yule is a combination of the magic and atmosphere of the dark arctic winter, the light of the sparkling snow and candles, shining hope to the people huddling together. We asked artist Katariina Kirves to design our Christmas album cover.&nbsp;<\/p>\n\n\n\n<p>The Tumman taivaan taika album contains multiple previously unpublished pieces. Our choir\u2019s house composer, an alumnus of the choir <strong>Elina Majuri<\/strong> composed two songs for our album. The lyrics for the piece Tumman taivaan taika are created by the multi-talent of theatre and culture sector <strong>Katariina Lantto<\/strong>and the lyrics for Jouluy\u00f6 are a poem written by <strong>Immi Hell\u00e9n<\/strong> in 1916.&nbsp;<\/p>\n\n\n\n<p>Composer and choir conductor <strong>Sabrina Ljungberg's<\/strong> joyful Tule armas joulu! is composed based on a poem from the 1870s written by <strong>Sakari Topelius.<\/strong> Metsien joulu is a song that was originally composed for the vocal group Viisi and has now been arranged for a mixed choir by composer Virpi Eroma. <strong>Virpi Eroma.<\/strong> Familiar Yuletide carols are performed on the album in both traditional versions and refreshing new arrangements.<\/p>\n\n\n\n<p>The album was recorded in May 2022 and released on 24 November 2022.<\/p>\n\n\n\n<p><a href=\"https:\/\/www.teekkarikuoro.fi\/en\/tumman-taivaan-taika\/\" data-type=\"URL\" data-id=\"teekkarikuoro.fi\/tumman-taivaan-taika\" target=\"_blank\" rel=\"noreferrer noopener\">List of songs and more information about the album here.<\/a><\/p>\n\n\n\n<h3 class=\"wp-block-heading\"><a href=\"https:\/\/www.teekkarikuoro.fi\/en\/product\/alussa_oli_insinoori\/\" data-type=\"product\" data-id=\"91\" target=\"_blank\" rel=\"noreferrer noopener\">Alussa oli insin\u00f6\u00f6ri<\/a><a href=\"https:\/\/www.teekkarikuoro.fi\/wp-content\/uploads\/TAL002_levynkansi_levymuoto.jpg\"><\/a> <\/h3>\n\n\n<div class=\"wp-block-image\">\n<figure class=\"alignright is-resized\"><a href=\"https:\/\/www.teekkarikuoro.fi\/en\/product\/alussa_oli_insinoori\/\"><img decoding=\"async\" src=\"https:\/\/www.teekkarikuoro.fi\/wp-content\/uploads\/2017\/03\/TAL002_levynkansi_neli\u00f6-1024x1024.jpg\" alt=\"\" class=\"wp-image-118\" width=\"300\" height=\"300\" srcset=\"https:\/\/www.teekkarikuoro.fi\/wp-content\/uploads\/2017\/03\/TAL002_levynkansi_neli\u00f6-1024x1024.jpg 1024w, https:\/\/www.teekkarikuoro.fi\/wp-content\/uploads\/2017\/03\/TAL002_levynkansi_neli\u00f6-300x300.jpg 300w, https:\/\/www.teekkarikuoro.fi\/wp-content\/uploads\/2017\/03\/TAL002_levynkansi_neli\u00f6-100x100.jpg 100w, https:\/\/www.teekkarikuoro.fi\/wp-content\/uploads\/2017\/03\/TAL002_levynkansi_neli\u00f6-600x600.jpg 600w, https:\/\/www.teekkarikuoro.fi\/wp-content\/uploads\/2017\/03\/TAL002_levynkansi_neli\u00f6-150x150.jpg 150w, https:\/\/www.teekkarikuoro.fi\/wp-content\/uploads\/2017\/03\/TAL002_levynkansi_neli\u00f6-768x768.jpg 768w, https:\/\/www.teekkarikuoro.fi\/wp-content\/uploads\/2017\/03\/TAL002_levynkansi_neli\u00f6-70x70.jpg 70w, https:\/\/www.teekkarikuoro.fi\/wp-content\/uploads\/2017\/03\/TAL002_levynkansi_neli\u00f6-127x127.jpg 127w, https:\/\/www.teekkarikuoro.fi\/wp-content\/uploads\/2017\/03\/TAL002_levynkansi_neli\u00f6-476x476.jpg 476w, https:\/\/www.teekkarikuoro.fi\/wp-content\/uploads\/2017\/03\/TAL002_levynkansi_neli\u00f6-125x125.jpg 125w, https:\/\/www.teekkarikuoro.fi\/wp-content\/uploads\/2017\/03\/TAL002_levynkansi_neli\u00f6.jpg 1476w\" sizes=\"(max-width: 300px) 100vw, 300px\" \/><\/a><\/figure><\/div>\n\n\n<p class=\" translation-block\">Tampere and the essence of being a teekkari are the recurring themes of Teekkarikuoro\u2019s second album. The traditional teekkari song  <em>Teekkarihymni <\/em> got new lyrics and was switched from minor scale to major and so  <em><a href=\"https:\/\/www.youtube.com\/watch?v=lHmuUYjEUeY\" target=\"_self\">Tampereen teekkarien juhlahymni<\/a><\/em> was born. Drinking songs were of course an indisputable addition to Teekkarikuoro\u2019s album. The teekkari song potpourri  <em>Teemu Teekkari<\/em> (includes the hit song  <em>Pesupallo <\/em>) was also recorded.  <em>Huuan mie humalattakin <\/em>, on the other hand, is a kind of an anti-drinking song whose lyrics come from a poem in  <em>Kanteletar <\/em>. It was composed for the choir by <strong>Jussi Tamminen<\/strong>, a composer and a conductor who also used to influence in Teekkarikuoro. Other compositions commissioned for this album were  <em>Canon Indeed <\/em> that was composed by <strong>Jaakko M\u00e4ntyj\u00e4rvi<\/strong> and  <em>Alussa oli insin\u00f6\u00f6ri <\/em> that was composed by <strong>Anna-Mari K\u00e4h\u00e4r\u00e4<\/strong> and whose lyrics are by <strong>Sinikka Nopola<\/strong>. This humoristic cantata was composed to celebrate the 50th anniversary of Tampere University of Technology.<\/p>\n\n\n\n<p>The album was recorded in April and November 2016 in Kangasala-talo, and published on the 29th of November 2016.<\/p>\n\n\n\n<p>Join us on a journey into the world of technology. You may be surprised.<br><\/p>\n\n\n\n<h3 class=\"wp-block-heading\"><a href=\"https:\/\/www.teekkarikuoro.fi\/en\/product\/tuopin-taydelta-cd\/\" data-type=\"product\" data-id=\"414\" target=\"_blank\" rel=\"noreferrer noopener\">Tuopin t\u00e4ydelt\u00e4 - 25 years of drinking songs<\/a><\/h3>\n\n\n<div class=\"wp-block-image\">\n<figure class=\"alignright\"><a href=\"https:\/\/www.teekkarikuoro.fi\/wp-content\/uploads\/2012\/02\/levyiso.png\"><img decoding=\"async\" width=\"300\" height=\"300\" src=\"https:\/\/www.teekkarikuoro.fi\/wp-content\/uploads\/2019\/03\/tuopin-t\u00e4ydelt\u00e4-300x300.png\" alt=\"\" class=\"wp-image-415\" srcset=\"https:\/\/www.teekkarikuoro.fi\/wp-content\/uploads\/2019\/03\/tuopin-t\u00e4ydelt\u00e4-300x300.png 300w, https:\/\/www.teekkarikuoro.fi\/wp-content\/uploads\/2019\/03\/tuopin-t\u00e4ydelt\u00e4-300x300-100x100.png 100w, https:\/\/www.teekkarikuoro.fi\/wp-content\/uploads\/2019\/03\/tuopin-t\u00e4ydelt\u00e4-300x300-150x150.png 150w\" sizes=\"(max-width: 300px) 100vw, 300px\" \/><\/a><figcaption class=\"wp-element-caption\"><a href=\"https:\/\/www.teekkarikuoro.fi\/en\/product\/tuopin-taydelta-cd\/\" data-type=\"product\" data-id=\"414\" target=\"_blank\" rel=\"noreferrer noopener\">Tuopin t\u00e4ydelt\u00e4 - The Teekkarikuoro drinking song album<\/a><\/figcaption><\/figure><\/div>\n\n\n<p>Teekkarikuoro\u2019s first album Tuopin t\u00e4ydelt\u00e4 was published in March 2010. There are brand new drinking songs on the album, but traditional songs from the song book Rasputin have not been forgotten either. Most of the 21 songs on the album are part of Teekkarikuoro\u2019s standard repertoire but there are also new arrangements made specifically for Teekkarikuoro. The album has been recorded in May and October 2009 in Festia hall in Tampere University of Technology and in the Teekkari sauna M\u00f6rrim\u00f6ykky in Hervanta.<br><\/p>","protected":false},"excerpt":{"rendered":"<p>Teekkarikuoro on julkaissut kolme levy\u00e4: tunnelmallisen joululevyn Tumman taivaan taika, teekkariutta syv\u00e4luotaavan Alussa oli insin\u00f6\u00f6rin ja hilpe\u00e4n juomalaululevyn Tuopin t\u00e4ydelt\u00e4. Kaikki levyt voi ostaa verkkokaupastamme. Tumman taivaan taika Suomalaisessa joulussa yhdistyv\u00e4t pime\u00e4n vuodenajan luoma taianomaisuus ja tunnelmallisuus, hohtavien hankien ja kynttil\u00f6iden valo sek\u00e4 yhdess\u00e4olo ja toivo. N\u00e4m\u00e4 teemat mieless\u00e4mme l\u00e4hdimme suunnittelemaan joululevy\u00e4, jolle halusimme mukaan &#8230; <a title=\"Discography\" class=\"read-more\" href=\"https:\/\/www.teekkarikuoro.fi\/en\/kuoro\/julkaisut\/\" aria-label=\"Read more about Julkaisut\">Read more<\/a><\/p>","protected":false},"author":2,"featured_media":0,"parent":60,"menu_order":4,"comment_status":"closed","ping_status":"closed","template":"","meta":{"footnotes":""},"_links":{"self":[{"href":"https:\/\/www.teekkarikuoro.fi\/en\/wp-json\/wp\/v2\/pages\/75"}],"collection":[{"href":"https:\/\/www.teekkarikuoro.fi\/en\/wp-json\/wp\/v2\/pages"}],"about":[{"href":"https:\/\/www.teekkarikuoro.fi\/en\/wp-json\/wp\/v2\/types\/page"}],"author":[{"embeddable":true,"href":"https:\/\/www.teekkarikuoro.fi\/en\/wp-json\/wp\/v2\/users\/2"}],"replies":[{"embeddable":true,"href":"https:\/\/www.teekkarikuoro.fi\/en\/wp-json\/wp\/v2\/comments?post=75"}],"version-history":[{"count":13,"href":"https:\/\/www.teekkarikuoro.fi\/en\/wp-json\/wp\/v2\/pages\/75\/revisions"}],"predecessor-version":[{"id":987,"href":"https:\/\/www.teekkarikuoro.fi\/en\/wp-json\/wp\/v2\/pages\/75\/revisions\/987"}],"up":[{"embeddable":true,"href":"https:\/\/www.teekkarikuoro.fi\/en\/wp-json\/wp\/v2\/pages\/60"}],"wp:attachment":[{"href":"https:\/\/www.teekkarikuoro.fi\/en\/wp-json\/wp\/v2\/media?parent=75"}],"curies":[{"name":"wp","href":"https:\/\/api.w.org\/{rel}","templated":true}]}}