{"id":960,"date":"2022-11-24T11:41:38","date_gmt":"2022-11-24T09:41:38","guid":{"rendered":"https:\/\/www.teekkarikuoro.fi\/?page_id=960"},"modified":"2022-11-25T13:30:54","modified_gmt":"2022-11-25T11:30:54","slug":"tumman-taivaan-taika","status":"publish","type":"page","link":"https:\/\/www.teekkarikuoro.fi\/en\/tumman-taivaan-taika\/","title":{"rendered":"Tumman taivaan taika"},"content":{"rendered":"<figure class=\"wp-block-image size-medium\"><img fetchpriority=\"high\" decoding=\"async\" width=\"300\" height=\"300\" src=\"https:\/\/www.teekkarikuoro.fi\/wp-content\/uploads\/2022\/11\/Tumman-taivaan-taika-joululevyn-kansi-300x300.png\" alt=\"Tumman taivaan taika -joululevyn kansi\" class=\"wp-image-957\" srcset=\"https:\/\/www.teekkarikuoro.fi\/wp-content\/uploads\/2022\/11\/Tumman-taivaan-taika-joululevyn-kansi-300x300.png 300w, https:\/\/www.teekkarikuoro.fi\/wp-content\/uploads\/2022\/11\/Tumman-taivaan-taika-joululevyn-kansi-1024x1024.png 1024w, https:\/\/www.teekkarikuoro.fi\/wp-content\/uploads\/2022\/11\/Tumman-taivaan-taika-joululevyn-kansi-150x150.png 150w, https:\/\/www.teekkarikuoro.fi\/wp-content\/uploads\/2022\/11\/Tumman-taivaan-taika-joululevyn-kansi-768x768.png 768w, https:\/\/www.teekkarikuoro.fi\/wp-content\/uploads\/2022\/11\/Tumman-taivaan-taika-joululevyn-kansi-12x12.png 12w, https:\/\/www.teekkarikuoro.fi\/wp-content\/uploads\/2022\/11\/Tumman-taivaan-taika-joululevyn-kansi-600x600.png 600w, https:\/\/www.teekkarikuoro.fi\/wp-content\/uploads\/2022\/11\/Tumman-taivaan-taika-joululevyn-kansi-100x100.png 100w, https:\/\/www.teekkarikuoro.fi\/wp-content\/uploads\/2022\/11\/Tumman-taivaan-taika-joululevyn-kansi.png 1417w\" sizes=\"(max-width: 300px) 100vw, 300px\" \/><\/figure>\n\n\n\n<p>Finnish Yule is a combination of the magic and atmosphere of the dark arctic winter, the light of the sparkling snow and candles, shining hope to the people huddling together. We asked artist Katariina Kirves to design our Christmas album cover.&nbsp;<\/p>\n\n\n\n<p>The Tumman taivaan taika album contains multiple previously unpublished pieces. Our choir\u2019s house composer, an alumnus of the choir Elina Majuri composed two new songs for the album. The titular song Tumman taivaan taika is based on a text written by Katariina Lantto, a multi-talented creator in the field of theatre and culture, and the text for Jouluy\u00f6 is a poem written by Immi Hell\u00e9n in 1916.&nbsp;<\/p>\n\n\n\n<p>Composer and choir conductor Sabrina Ljunberg\u2019s cheerful Tule armas joulu! is based on an 1870\u2019s poem by Sakari Topelius. The mysterious Metsien joulu was originally written for the Finnish vocal group Viisi, and for our album, composer Virpi Eroma has created a new mixed choir arrangement. Rounding out the album we have both traditional versions and fresh arrangements of familiar Yuletide carols.<\/p>\n\n\n\n<p>We wish you enjoyable moments with our music!<\/p>\n\n\n\n<div class=\"wp-block-columns is-layout-flex wp-container-core-columns-is-layout-1 wp-block-columns-is-layout-flex\">\n<div class=\"wp-block-column is-layout-flow wp-block-column-is-layout-flow\">\n<p>1. Joululaulu (Tervehtii jo meit\u00e4) 3:42<br>comp. Jussi Chydenius<br>lyr. Sakari Topelius<br>Finnish lyrics - anonymous<br>\u00a9 Anthem Oy<\/p>\n\n\n\n<p>2. M\u00f6kit nukkuu lumiset 3:30<br>comp. Heino Kaski<br>lyr. Eino Leino<br>arr. Antti Nissil\u00e4<br>\u00a9 Fennica Gehrman Oy<\/p>\n\n\n\n<p>3. Jeesuksen seimell\u00e4 2:57<br>comp. Raimo Tanskanen<br>lyr. Lempi Vihervaara<br>\u00a9 Sulasol<\/p>\n\n\n\n<p>4. On hanget korkeat, nietokset 2:36<br>comp. Jean Sibelius<br>lyr. Wilkku Joukahainen<br>arr. Timo Lehtovaara<br>\u00a9 Fennica Gehrman Oy<\/p>\n\n\n\n<p>5. Jouluy\u00f6n\u00e4 (Oli luolassa hiljainen ilta) 3:21<br>comp. Mikko Sidoroff<br>lyr. Sonja Kosunen<br>\u00a9 Sulasol<\/p>\n\n\n\n<p>6. Hiljainen Gloria 3:05<br>comp. and lyr. Antti Nissil\u00e4<br>\u00a9 Sulasol<\/p>\n\n\n\n<p>7. Jouluy\u00f6n\u00e4 (Koristeissaan kiilt\u00e4\u00e4 kuusi) 1:41<br>comp. Teuvo Hakasalo<br>lyr. Helena Eeva<br>\u00a9 Ylioppilaskunnan Laulajat ry<\/p>\n\n\n\n<p><\/p>\n<\/div>\n\n\n\n<div class=\"wp-block-column is-layout-flow wp-block-column-is-layout-flow\">\n<p>8. Joulukirkkoon 2:38<br>comp. R. Raala<br>lyr. Immi Hell\u00e9n<br>arr. Merja Rajala<br>\u00a9 Warner\/Chappell Music Finland Oy<\/p>\n\n\n\n<p>9. Tumman taivaan taika 5:19<br>comp. Elina Majuri<br>lyr. Katariina Lantto<br>solos: Emmi Vuorinen, Hanna Rauhala and Jani Tarmila<\/p>\n\n\n\n<p>10. Jouluy\u00f6 4:18<br>comp. Elina Majuri<br>lyr. Immi Hell\u00e9n<br>soolo: Noora Haimila<\/p>\n\n\n\n<p>11. Kuu hohtaa 3:38<br>comp. Jussi Chydenius<br>lyr. Einari Vuorela<br>\u00a9 Anthem Oy<\/p>\n\n\n\n<p>12. Metsien joulu 4:22<br>comp. Virpi Eroma<br>lyr. Lauri Pohjanp\u00e4\u00e4<\/p>\n\n\n\n<p>13. Tule armas joulu! 2:09<br>comp. Sabrina Ljungberg<br>lyr. Sakari Topelius<br>Finnish lyrics - anonymous<br>\u00a9 Sulasol<\/p>\n\n\n\n<p>14. Maa on niin kaunis 3:32<br>Silesian folk song<br>lyr. Bernhard Severin Ingemann<br>Finnish lyrics Hilja Haahti<br>arr. Merja Rajala<br>solo: Maija Lundell<\/p>\n<\/div>\n<\/div>\n\n\n\n<p>Conductor: Johanna Lantto<br>Producer: Tampereen Akateemiset Laulajat ry<br>Artistic producer: Saara Aittakumpu<br>Recording, editing and mastering: Kuisma Eskola<br>Cover art and graphic design: Katariina Kirves<br>Photos: Tuomas Mikkolainen<br>Album committee: Aapo Alasuutari, Noora Haimila, Elias Halkola, Sami Hartala, Tomi Lahtimo, Sampo Lahtinen, Johanna Lantto, Jenni Pakula, Emmi Vuorinen<\/p>\n\n\n\n<p>Recorded in Teisko church, Tampere, in May 2022.<\/p>\n\n\n\n<p>Support Foundation of Tampere University of Technology, Academic Engineers and Architects in Finland (TEK) and Tampereen ylioppilastalos\u00e4\u00e4ti\u00f6 Foundation have supported the making of this album.<\/p>\n\n\n\n<h2 class=\"wp-block-heading\"><strong>Teekkarikuoro<\/strong><\/h2>\n\n\n\n<figure class=\"wp-block-image size-medium\"><img decoding=\"async\" width=\"200\" height=\"300\" src=\"https:\/\/www.teekkarikuoro.fi\/wp-content\/uploads\/2022\/11\/Teekkarikuoro-kuvaaja_-Tuomas-Mikkolainen-200x300.jpg\" alt=\"\" class=\"wp-image-975\" srcset=\"https:\/\/www.teekkarikuoro.fi\/wp-content\/uploads\/2022\/11\/Teekkarikuoro-kuvaaja_-Tuomas-Mikkolainen-200x300.jpg 200w, https:\/\/www.teekkarikuoro.fi\/wp-content\/uploads\/2022\/11\/Teekkarikuoro-kuvaaja_-Tuomas-Mikkolainen-683x1024.jpg 683w, https:\/\/www.teekkarikuoro.fi\/wp-content\/uploads\/2022\/11\/Teekkarikuoro-kuvaaja_-Tuomas-Mikkolainen-768x1151.jpg 768w, https:\/\/www.teekkarikuoro.fi\/wp-content\/uploads\/2022\/11\/Teekkarikuoro-kuvaaja_-Tuomas-Mikkolainen-1025x1536.jpg 1025w, https:\/\/www.teekkarikuoro.fi\/wp-content\/uploads\/2022\/11\/Teekkarikuoro-kuvaaja_-Tuomas-Mikkolainen-8x12.jpg 8w, https:\/\/www.teekkarikuoro.fi\/wp-content\/uploads\/2022\/11\/Teekkarikuoro-kuvaaja_-Tuomas-Mikkolainen-600x900.jpg 600w\" sizes=\"(max-width: 200px) 100vw, 200px\" \/><\/figure>\n\n\n\n<p>Founded in 1985, Teekkarikuoro is one of the most prominent student choirs in Tampere. Having been active for more than 35 years, the choir prides itself in making ambitious music with a relaxed attitude, all the while maintaining high quality. The core repertoire of the mixed choir of approximately 50 members consists of pop music and classical choir pieces, and also includes modern choir music and drinking songs. Each year the choir organizes competitions for arranging new choir music and writing drinking songs, which add to the choir\u2019s repertoire of original music. The choir also commissions new music from different composers.<br><br>The choir is based at the Hervanta campus of Tampere University. Most of the members are students and alumni of technological disciplines but the choir welcomes all, regardless of their field of study. The choir members spend a lot of time together, organizing different events and activities. There is also a smaller a cappella group, TeekkariKvartti, that performs independently.<br><br><em>Tumman taivaan taika<\/em> is the third album by Teekkarikuoro, and the previous records are <em>Tuopin t\u00e4ydelt\u00e4<\/em> (2010) and <em>Alussa oli insin\u00f6\u00f6ri<\/em> (2016).<\/p>\n\n\n\n<h2 class=\"wp-block-heading\"><strong>Johanna Lantto<\/strong><\/h2>\n\n\n\n<figure class=\"wp-block-image size-medium\"><img decoding=\"async\" width=\"200\" height=\"300\" src=\"https:\/\/www.teekkarikuoro.fi\/wp-content\/uploads\/2022\/11\/Kuoronjohtaja-Johanna-Lantto-kuvaaja_-Tuomas-Mikkolainen-200x300.jpg\" alt=\"Kuoronjohtaja Johanna Lantto, kuvaaja Tuomas Mikkolainen\" class=\"wp-image-951\" srcset=\"https:\/\/www.teekkarikuoro.fi\/wp-content\/uploads\/2022\/11\/Kuoronjohtaja-Johanna-Lantto-kuvaaja_-Tuomas-Mikkolainen-200x300.jpg 200w, https:\/\/www.teekkarikuoro.fi\/wp-content\/uploads\/2022\/11\/Kuoronjohtaja-Johanna-Lantto-kuvaaja_-Tuomas-Mikkolainen-683x1024.jpg 683w, https:\/\/www.teekkarikuoro.fi\/wp-content\/uploads\/2022\/11\/Kuoronjohtaja-Johanna-Lantto-kuvaaja_-Tuomas-Mikkolainen-768x1151.jpg 768w, https:\/\/www.teekkarikuoro.fi\/wp-content\/uploads\/2022\/11\/Kuoronjohtaja-Johanna-Lantto-kuvaaja_-Tuomas-Mikkolainen-1025x1536.jpg 1025w, https:\/\/www.teekkarikuoro.fi\/wp-content\/uploads\/2022\/11\/Kuoronjohtaja-Johanna-Lantto-kuvaaja_-Tuomas-Mikkolainen-8x12.jpg 8w, https:\/\/www.teekkarikuoro.fi\/wp-content\/uploads\/2022\/11\/Kuoronjohtaja-Johanna-Lantto-kuvaaja_-Tuomas-Mikkolainen-600x900.jpg 600w\" sizes=\"(max-width: 200px) 100vw, 200px\" \/><\/figure>\n\n\n\n<p>Johanna Lantto is a choir conductor, musician and M.Sc. of environmental engineering from Tampere who started her journey with Teekkarikuoro as a choir member in the year 2000. She has conducted Teekkarikuoro from 2006 and is thus the choir\u2019s longest-standing and most influential conductor. Lantto holds a bachelor\u2019s degree as music pedagogue, majoring in choir conducting, from Pirkanmaa University of Applied Sciences and she graduated as a Master of music pedagogy from Tampere University of Applied Sciences. Lantto has conducted various choirs in the Pirkanmaa area including the children\u2019s choirs of the Tampere Conservatoire and the mixed choir Pikantit. She plays the accordion and the piano, and sings in various classical and popular music ensembles. Lantto has received the Tampere University of Technology\u2019s Student Union\u2019s medal of honour for her cultural work at the university.\u00a0<\/p>\n\n\n\n<h2 class=\"wp-block-heading\"><strong>Tumman taivaan taika<\/strong><\/h2>\n\n\n\n<p>lyr. Katariina Lantto<\/p>\n\n\n\n<p>Talviko hiljainen?\u00a0<br>No ei. Sit\u00e4 se ei ole t\u00e4n\u00e4\u00e4n.<br><br>Pime\u00e4ss\u00e4 tuikkivat pikkuiset valot,<br>ne kuiskivat:<br>Etp\u00e4 viel\u00e4 tied\u00e4k\u00e4\u00e4n\u00a0<br>sit\u00e4 mit\u00e4 me tiedet\u00e4\u00e4n<br>Katso yl\u00f6s korkeaan pimeyteen<br>jo ehk\u00e4 arvaat<br>Kuuletko jo? Tunnetko jo?<br><br>Juuri t\u00e4ll\u00e4 hetkell\u00e4<br>napapy\u00f6rteiden \u00e4\u00e4rell\u00e4\u00a0<br>vinhasti aurinko viskoo vauhtia<br>Hiukkaset magneettiset<br>toisiaan viritellen<br>kyljest\u00e4 kylkeen<br>v\u00e4rej\u00e4\u00e4n venytellen<br><br>Punaista, vihre\u00e4\u00e4, loimuaa, leimahtaa<br>mustan talvitaivaan t\u00e4ytt\u00e4\u00e4<br>Punaista, vihre\u00e4\u00e4, loimuaa, leimahtaa<br>mustan talvitaivaan t\u00e4ytt\u00e4\u00e4 loitsullaan<br><br>Ja hiljaisen matkan takana<br>lumen koskemattoman luona<br>repolainen nuuhkii tuulta ja tuhahtaa:<br>kuulkaas pienet tuikkivat valot siell\u00e4 kaukana,<br>tuo tumman taivaan taika<br>on tekosia toverini tuuheah\u00e4nt\u00e4isen<br><br>Punaista, vihre\u00e4\u00e4, loimuaa, leimahtaa<br>mustan talvitaivaan t\u00e4ytt\u00e4\u00e4 loitsullaan<\/p>","protected":false},"excerpt":{"rendered":"<p>Suomalaisessa joulussa yhdistyv\u00e4t pime\u00e4n vuodenajan luoma taianomaisuus ja tunnelmallisuus, hohtavien hankien ja kynttil\u00f6iden valo sek\u00e4 yhdess\u00e4olo ja toivo. N\u00e4m\u00e4 teemat mieless\u00e4mme l\u00e4hdimme suunnittelemaan joululevy\u00e4, jolle halusimme mukaan sek\u00e4 perinteisi\u00e4 joululauluja ett\u00e4 uutta kuoromusiikkia.&nbsp; Tumman taivaan taika -levyll\u00e4 kuullaan useita aiemmin julkaisemattomia s\u00e4vellyksi\u00e4. Kuoromme luottos\u00e4velt\u00e4j\u00e4, entinen teekkarikuorolainen Elina Majuri s\u00e4velsi levyllemme kaksi laulua. Levyn nimikkoteoksen Tumman &#8230; <a title=\"Tumman taivaan taika\" class=\"read-more\" href=\"https:\/\/www.teekkarikuoro.fi\/en\/tumman-taivaan-taika\/\" aria-label=\"Read more about Tumman taivaan taika\">Read more<\/a><\/p>","protected":false},"author":7,"featured_media":0,"parent":0,"menu_order":0,"comment_status":"closed","ping_status":"closed","template":"","meta":{"footnotes":""},"_links":{"self":[{"href":"https:\/\/www.teekkarikuoro.fi\/en\/wp-json\/wp\/v2\/pages\/960"}],"collection":[{"href":"https:\/\/www.teekkarikuoro.fi\/en\/wp-json\/wp\/v2\/pages"}],"about":[{"href":"https:\/\/www.teekkarikuoro.fi\/en\/wp-json\/wp\/v2\/types\/page"}],"author":[{"embeddable":true,"href":"https:\/\/www.teekkarikuoro.fi\/en\/wp-json\/wp\/v2\/users\/7"}],"replies":[{"embeddable":true,"href":"https:\/\/www.teekkarikuoro.fi\/en\/wp-json\/wp\/v2\/comments?post=960"}],"version-history":[{"count":2,"href":"https:\/\/www.teekkarikuoro.fi\/en\/wp-json\/wp\/v2\/pages\/960\/revisions"}],"predecessor-version":[{"id":976,"href":"https:\/\/www.teekkarikuoro.fi\/en\/wp-json\/wp\/v2\/pages\/960\/revisions\/976"}],"wp:attachment":[{"href":"https:\/\/www.teekkarikuoro.fi\/en\/wp-json\/wp\/v2\/media?parent=960"}],"curies":[{"name":"wp","href":"https:\/\/api.w.org\/{rel}","templated":true}]}}