{"id":1015,"date":"2022-11-29T00:43:24","date_gmt":"2022-11-28T22:43:24","guid":{"rendered":"https:\/\/www.teekkarikuoro.fi\/?post_type=product&#038;p=1015"},"modified":"2022-11-29T00:43:24","modified_gmt":"2022-11-28T22:43:24","slug":"tumman-taivaan-taika-joulukortti-5-kpl","status":"publish","type":"product","link":"https:\/\/www.teekkarikuoro.fi\/en\/product\/tumman-taivaan-taika-joulukortti-5-kpl\/","title":{"rendered":"Tumman taivaan taika Christmas Card 5 pcs"},"content":{"rendered":"<p><span style=\"font-weight: 400;\">Finnish Yule is a combination of the magic and atmosphere of the dark arctic winter, the light of the sparkling snow and candles, shining hope to the people huddling together. We asked artist Katariina Kirves to design our Christmas album cover. <\/span><\/p>\n<p><span style=\"font-weight: 400;\">The beautiful artwork was remade into a square Christmas card (15 x 15 cm). The back of the card has lines for writing an address and space for your own greetings.<\/span><\/p>","protected":false},"excerpt":{"rendered":"<p>Suomalaisessa joulussa yhdistyv\u00e4t pime\u00e4n vuodenajan luoma taianomaisuus ja tunnelmallisuus, hohtavien hankien ja kynttil\u00f6iden valo sek\u00e4 yhdess\u00e4olo ja toivo. N\u00e4m\u00e4 teemat mieless\u00e4mme pyysimme taiteilija Katariina Kirvest\u00e4 maalaamaan kansikuvan joululevyllemme Tumman taivaan taika. Upeasta taideteoksesta on teetetty yksiosainen neli\u00f6nmallinen joulukortti (15 x 15 cm). Kortin k\u00e4\u00e4nt\u00f6puolella on osoiteviivat, ja toivotustekstin saat laatia itse.<\/p>","protected":false},"featured_media":984,"template":"","meta":[],"product_cat":[33],"product_tag":[],"_links":{"self":[{"href":"https:\/\/www.teekkarikuoro.fi\/en\/wp-json\/wp\/v2\/product\/1015"}],"collection":[{"href":"https:\/\/www.teekkarikuoro.fi\/en\/wp-json\/wp\/v2\/product"}],"about":[{"href":"https:\/\/www.teekkarikuoro.fi\/en\/wp-json\/wp\/v2\/types\/product"}],"wp:featuredmedia":[{"embeddable":true,"href":"https:\/\/www.teekkarikuoro.fi\/en\/wp-json\/wp\/v2\/media\/984"}],"wp:attachment":[{"href":"https:\/\/www.teekkarikuoro.fi\/en\/wp-json\/wp\/v2\/media?parent=1015"}],"wp:term":[{"taxonomy":"product_cat","embeddable":true,"href":"https:\/\/www.teekkarikuoro.fi\/en\/wp-json\/wp\/v2\/product_cat?post=1015"},{"taxonomy":"product_tag","embeddable":true,"href":"https:\/\/www.teekkarikuoro.fi\/en\/wp-json\/wp\/v2\/product_tag?post=1015"}],"curies":[{"name":"wp","href":"https:\/\/api.w.org\/{rel}","templated":true}]}}