{"id":414,"date":"2019-03-09T16:02:59","date_gmt":"2019-03-09T14:02:59","guid":{"rendered":"http:\/\/www.teekkarikuoro.fi\/secret_site\/?post_type=product&#038;p=414"},"modified":"2022-06-06T18:05:12","modified_gmt":"2022-06-06T15:05:12","slug":"tuopin-taydelta-cd","status":"publish","type":"product","link":"https:\/\/www.teekkarikuoro.fi\/en\/product\/tuopin-taydelta-cd\/","title":{"rendered":"Tuopin t\u00e4ydelt\u00e4 CD"},"content":{"rendered":"<p>Teekkarikuoron ensimm\u00e4inen levy Tuopin t\u00e4ydelt\u00e4 julkaistiin maaliskuussa 2010. Levy sis\u00e4lt\u00e4\u00e4 niin uusia kuin Rasputimesta tuttuja juomalauluja sek\u00e4 teekkarikulttuurin merkkiteoksia. Suurin osa levyn 21 kappaleesta kuuluu Teekkarikuoron suosikki- ja vakio-ohjelmistoon, mutta mukana on my\u00f6s Teekkarikuorolle tehtyj\u00e4 uusia sovituksia. Levy on \u00e4\u00e4nitetty touko- ja lokakuussa 2009 Tampereen teknillisell\u00e4 yliopistolla Festian isossa salissa sek\u00e4 Teekkarisauna M\u00f6rrim\u00f6ykyll\u00e4 Hervannassa.<\/p>","protected":false},"excerpt":{"rendered":"<p>Teekkarikuoron ensimm\u00e4inen levy Tuopin t\u00e4ydelt\u00e4 julkaistiin maaliskuussa 2010. Levy sis\u00e4lt\u00e4\u00e4 niin uusia kuin Rasputimesta tuttuja juomalauluja sek\u00e4 teekkarikulttuurin merkkiteoksia. Suurin osa levyn 21 kappaleesta kuuluu Teekkarikuoron suosikki- ja vakio-ohjelmistoon, mutta mukana on my\u00f6s Teekkarikuorolle tehtyj\u00e4 uusia sovituksia. Levy on \u00e4\u00e4nitetty touko- ja lokakuussa 2009 Tampereen teknillisell\u00e4 yliopistolla Festian isossa salissa sek\u00e4 Teekkarisauna M\u00f6rrim\u00f6ykyll\u00e4 Hervannassa.<\/p>","protected":false},"featured_media":415,"template":"","meta":[],"product_cat":[11],"product_tag":[],"_links":{"self":[{"href":"https:\/\/www.teekkarikuoro.fi\/en\/wp-json\/wp\/v2\/product\/414"}],"collection":[{"href":"https:\/\/www.teekkarikuoro.fi\/en\/wp-json\/wp\/v2\/product"}],"about":[{"href":"https:\/\/www.teekkarikuoro.fi\/en\/wp-json\/wp\/v2\/types\/product"}],"wp:featuredmedia":[{"embeddable":true,"href":"https:\/\/www.teekkarikuoro.fi\/en\/wp-json\/wp\/v2\/media\/415"}],"wp:attachment":[{"href":"https:\/\/www.teekkarikuoro.fi\/en\/wp-json\/wp\/v2\/media?parent=414"}],"wp:term":[{"taxonomy":"product_cat","embeddable":true,"href":"https:\/\/www.teekkarikuoro.fi\/en\/wp-json\/wp\/v2\/product_cat?post=414"},{"taxonomy":"product_tag","embeddable":true,"href":"https:\/\/www.teekkarikuoro.fi\/en\/wp-json\/wp\/v2\/product_tag?post=414"}],"curies":[{"name":"wp","href":"https:\/\/api.w.org\/{rel}","templated":true}]}}