{"id":91,"date":"2017-03-21T18:46:16","date_gmt":"2017-03-21T16:46:16","guid":{"rendered":"http:\/\/www.teekkarikuoro.fi\/secret_site\/?post_type=product&#038;p=91"},"modified":"2022-11-23T14:58:32","modified_gmt":"2022-11-23T12:58:32","slug":"alussa_oli_insinoori","status":"publish","type":"product","link":"https:\/\/www.teekkarikuoro.fi\/en\/product\/alussa_oli_insinoori\/","title":{"rendered":"Alussa oli insin\u00f6\u00f6ri CD"},"content":{"rendered":"<p class=\"translation-block\" data-trp-translate-id=\"223\" data-trp-node-type=\"String List\">T\u00e4ll\u00e4 Teekkarikuoron toisella levyll\u00e4 teemoina ovat teekkarius ja Tampere. Perinteik\u00e4s<em> Teekkarihymni<\/em> py\u00f6r\u00e4ytettiin duuriin ja sanoitettiin uudelleen, tuloksena on <em><a href=\"https:\/\/www.youtube.com\/watch?v=lHmuUYjEUeY\" target=\"_self\" rel=\"noopener noreferrer\">Tampereen teekkarien juhlahymni<\/a><\/em>. Juomalaulujakaan ei voi Teekkarikuoron levylt\u00e4 unohtaa. <em>Teemu Teekkari<\/em> -sikerm\u00e4 on nyt levytetty tamperelaisena versiona (sis\u00e4lt\u00e4\u00e4 Pesupallon).<\/p>\n<p data-trp-translate-id=\"223\" data-trp-node-type=\"String List\">\n<p class=\"translation-block\" data-trp-translate-id=\"223\" data-trp-node-type=\"String List\">Kantelettaren runoon tehty <em>Huuan mie humalattaki<\/em> taas on er\u00e4\u00e4nlainen antijuomalaulu. Sen s\u00e4velsi kuorolle <strong>Jussi Tamminen<\/strong>, s\u00e4velt\u00e4j\u00e4 ja kuoronjohtaja, joka aikoinaan vaikutti my\u00f6s Teekkarikuorossa.<\/p>\n<p data-trp-translate-id=\"223\" data-trp-node-type=\"String List\">\n<p class=\"translation-block\" data-trp-translate-id=\"223\" data-trp-node-type=\"String List\">Muita levy\u00e4 varten tilattuja teoksia ovat <strong>Jaakko M\u00e4ntyj\u00e4rven<\/strong> s\u00e4velt\u00e4m\u00e4 <em>Canon Indeed <\/em>sek\u00e4<strong> Anna-Mari K\u00e4h\u00e4r\u00e4n <\/strong>s\u00e4velt\u00e4m\u00e4 ja\u00a0<strong>Sinikka Nopolan <\/strong>sanoittama <em>Alussa oli insin\u00f6\u00f6ri<\/em>. T\u00e4m\u00e4 humoristinen juhlakantaatti s\u00e4vellettiin juhlistamaan TTY:n 50-vuotisjuhlavuotta.<\/p>\n<p>The album was recorded in April and November 2016 in Kangasala-talo, and published on the 29th of November 2016.<\/p>","protected":false},"excerpt":{"rendered":"<p>T\u00e4ll\u00e4 Teekkarikuoron toisella levyll\u00e4 teemoina ovat teekkarius ja Tampere. Perinteik\u00e4s Teekkarihymni py\u00f6r\u00e4ytettiin duuriin ja sanoitettiin uudelleen, tuloksena on Tampereen teekkarien juhlahymni. Juomalaulujakaan ei voi Teekkarikuoron levylt\u00e4 unohtaa. Teemu Teekkari -sikerm\u00e4 on nyt levytetty tamperelaisena versiona (sis\u00e4lt\u00e4\u00e4 Pesupallon). Kantelettaren runoon tehty Huuan mie humalattaki taas on er\u00e4\u00e4nlainen antijuomalaulu. Sen s\u00e4velsi kuorolle Jussi Tamminen, s\u00e4velt\u00e4j\u00e4 ja kuoronjohtaja, &#8230; <a title=\"Alussa oli insin\u00f6\u00f6ri CD\" class=\"read-more\" href=\"https:\/\/www.teekkarikuoro.fi\/en\/product\/alussa_oli_insinoori\/\" aria-label=\"Read more about Alussa oli insin\u00f6\u00f6ri CD\">Read more<\/a><\/p>","protected":false},"featured_media":118,"template":"","meta":[],"product_cat":[11],"product_tag":[],"_links":{"self":[{"href":"https:\/\/www.teekkarikuoro.fi\/en\/wp-json\/wp\/v2\/product\/91"}],"collection":[{"href":"https:\/\/www.teekkarikuoro.fi\/en\/wp-json\/wp\/v2\/product"}],"about":[{"href":"https:\/\/www.teekkarikuoro.fi\/en\/wp-json\/wp\/v2\/types\/product"}],"wp:featuredmedia":[{"embeddable":true,"href":"https:\/\/www.teekkarikuoro.fi\/en\/wp-json\/wp\/v2\/media\/118"}],"wp:attachment":[{"href":"https:\/\/www.teekkarikuoro.fi\/en\/wp-json\/wp\/v2\/media?parent=91"}],"wp:term":[{"taxonomy":"product_cat","embeddable":true,"href":"https:\/\/www.teekkarikuoro.fi\/en\/wp-json\/wp\/v2\/product_cat?post=91"},{"taxonomy":"product_tag","embeddable":true,"href":"https:\/\/www.teekkarikuoro.fi\/en\/wp-json\/wp\/v2\/product_tag?post=91"}],"curies":[{"name":"wp","href":"https:\/\/api.w.org\/{rel}","templated":true}]}}